{"id":23,"date":"2023-12-26T12:21:27","date_gmt":"2023-12-26T12:21:27","guid":{"rendered":"https:\/\/localhost\/fondalpress\/?page_id=23"},"modified":"2024-10-02T12:56:15","modified_gmt":"2024-10-02T12:56:15","slug":"media","status":"publish","type":"page","link":"https:\/\/fondalpress.it\/eng\/media\/","title":{"rendered":"Media"},"content":{"rendered":"<div class=\"wpb-content-wrapper\"><div class=\"vc_row wpb_row vc_row-fluid\"><div class=\"wpb_column vc_column_container vc_col-sm-12\"><div class=\"vc_column-inner\"><div class=\"wpb_wrapper\"> \n\n        <section class=\"media-banner-main\">\n            <div class=\"container\">\n                <div class=\"row\">\n                    <div class=\"col-xs-12 col-sm-12 col-md-12 col-lg-12\">\n                        <div class=\"title-box wow fadeInUp\" data-wow-duration=\"1.3s\" data-wow-delay=\".3s\">\n                            <h3>media<\/h3>\n                            <ul>  \n\n                             \n                                <li>\n                                    <a  href=\"\/eng\/media\/video\/\" class=\"\">Video  <\/a>\n                                <\/li>\n                                 \n                                <li>\n                                    <a  href=\"\/eng\/category\/news-ed-eventi\/\" class=\"\">News and events  <\/a>\n                                <\/li>\n                                 \n                                <li>\n                                    <a  href=\"\/eng\/category\/blog\/\" class=\"\">Blog  <\/a>\n                                <\/li>\n                                                            <\/ul>\n                        <\/div>\n                    <\/div>\n                <\/div>\n            <\/div>\n        <\/section>\n\n\n\n \n\n\n\n\n<main> \n\n\n        \n        <section class=\"blog-main media-blog\">\n            <div class=\"container\">\n                <div class=\"row\">\n\n\n\n           \n    \n<div class=\"col-xs-12 col-sm-12 col-md-6 col-lg-4 wow fadeInUp\" data-wow-duration=\"1.3s\" data-wow-delay=\".3s\">\n    <div class=\"card\">\n        <div class=\"card-body\">\n            <div class=\"image-box wow fadeIn\" data-wow-duration=\"1.5s\" data-wow-delay=\".5s\">\n                <a href=\"https:\/\/fondalpress.it\/eng\/fondalpress-a-euroguss-2026-ogni-passo-conta\/\"> \n                    <img decoding=\"async\" data-src=\"https:\/\/fondalpress.it\/wp-content\/uploads\/2025\/12\/news.webp\" src=\"https:\/\/fondalpress.it\/wp-content\/uploads\/2024\/06\/placeholder-sm.webp\" alt=\"\" loading=\"lazy\">\n                <\/a>\n            <\/div>\n            <div class=\"content-box wow fadeInUp\" data-wow-duration=\"1.7s\" data-wow-delay=\".7s\">\n                <div class=\"date\">04 December 2025 <\/div>\n                <h4>\n                    <a href=\"https:\/\/fondalpress.it\/eng\/fondalpress-a-euroguss-2026-ogni-passo-conta\/\">Fondalpress at Euroguss 2026: every step Matters<\/a>\n                <\/h4> \n                        <p>Fondalpress parteciper\u00e0 a Euroguss 2026, la pi\u00f9 importante fiera internazionale per l&#8217;industria della pressofusione, che si terr\u00e0 dal 13 al 15 gennaio, presso il Padiglione 7A \u2013 Stand 7A-430.<\/p>\n                       <br>\n                <a href=\"https:\/\/fondalpress.it\/eng\/fondalpress-a-euroguss-2026-ogni-passo-conta\/\">scopri di pi\u00f9 <i class=\"fa-regular fa-arrow-right-long\"><\/i><\/a>\n            <\/div>\n        <\/div>\n    <\/div>\n<\/div>\n\n    \n<div class=\"col-xs-12 col-sm-12 col-md-6 col-lg-4 wow fadeInUp\" data-wow-duration=\"1.3s\" data-wow-delay=\".3s\">\n    <div class=\"card\">\n        <div class=\"card-body\">\n            <div class=\"image-box wow fadeIn\" data-wow-duration=\"1.5s\" data-wow-delay=\".5s\">\n                <a href=\"https:\/\/fondalpress.it\/eng\/riconoscimento\/\"> \n                    <img decoding=\"async\" data-src=\"https:\/\/fondalpress.it\/wp-content\/uploads\/2023\/12\/b3.webp\" src=\"https:\/\/fondalpress.it\/wp-content\/uploads\/2024\/06\/placeholder-sm.webp\" alt=\"\" loading=\"lazy\">\n                <\/a>\n            <\/div>\n            <div class=\"content-box wow fadeInUp\" data-wow-duration=\"1.7s\" data-wow-delay=\".7s\">\n                <div class=\"date\">28 December 2023 <\/div>\n                <h4>\n                    <a href=\"https:\/\/fondalpress.it\/eng\/riconoscimento\/\">Riconoscimento<\/a>\n                <\/h4> \n                        <p>Fondalpress di Asti: Maria Grazia Doglione<br \/>\nnominata Cavaliere del Lavoro&#8230;<\/p>\n                       <br>\n                <a href=\"https:\/\/fondalpress.it\/eng\/riconoscimento\/\">scopri di pi\u00f9 <i class=\"fa-regular fa-arrow-right-long\"><\/i><\/a>\n            <\/div>\n        <\/div>\n    <\/div>\n<\/div>\n\n    \n<div class=\"col-xs-12 col-sm-12 col-md-6 col-lg-4 wow fadeInUp\" data-wow-duration=\"1.3s\" data-wow-delay=\".3s\">\n    <div class=\"card\">\n        <div class=\"card-body\">\n            <div class=\"image-box wow fadeIn\" data-wow-duration=\"1.5s\" data-wow-delay=\".5s\">\n                <a href=\"https:\/\/fondalpress.it\/eng\/fondalpress-a-hannover-messe-2023\/\"> \n                    <img decoding=\"async\" data-src=\"https:\/\/fondalpress.it\/wp-content\/uploads\/2023\/05\/P_20230416_152840-768x432-1.webp\" src=\"https:\/\/fondalpress.it\/wp-content\/uploads\/2024\/06\/placeholder-sm.webp\" alt=\"\" loading=\"lazy\">\n                <\/a>\n            <\/div>\n            <div class=\"content-box wow fadeInUp\" data-wow-duration=\"1.7s\" data-wow-delay=\".7s\">\n                <div class=\"date\">10 May 2023 <\/div>\n                <h4>\n                    <a href=\"https:\/\/fondalpress.it\/eng\/fondalpress-a-hannover-messe-2023\/\">FONDALPRESS A HANNOVER MESSE 2023<\/a>\n                <\/h4> \n                        <p>Fondalpress \u00e8 tornata da poco da questa nuova esperienza e vorremmo ringraziare i ns. visitatori<\/p>\n                       <br>\n                <a href=\"https:\/\/fondalpress.it\/eng\/fondalpress-a-hannover-messe-2023\/\">scopri di pi\u00f9 <i class=\"fa-regular fa-arrow-right-long\"><\/i><\/a>\n            <\/div>\n        <\/div>\n    <\/div>\n<\/div>\n\n    \n\n\n                <\/div>\n            <\/div>\n        <\/section>\n\n    <\/main>\n    \n<\/div><\/div><\/div><\/div>\n<\/div>","protected":false},"excerpt":{"rendered":"<p> [&#8230;]<\/p>\n<p><a class=\"btn btn-secondary metaswiss-read-more-link\" href=\"https:\/\/fondalpress.it\/eng\/fondalpress-a-hannover-messe-2023\/\">Read More&#8230;<\/a><\/p>\n","protected":false},"author":1,"featured_media":0,"parent":0,"menu_order":0,"comment_status":"closed","ping_status":"closed","template":"","meta":{"_acf_changed":false,"footnotes":""},"class_list":["post-23","page","type-page","status-publish","hentry"],"acf":[],"yoast_head":"<!-- This site is optimized with the Yoast SEO plugin v27.4 - https:\/\/yoast.com\/product\/yoast-seo-wordpress\/ -->\n<title>Media | Fondalpress Spa<\/title>\n<meta name=\"robots\" content=\"index, follow, max-snippet:-1, max-image-preview:large, max-video-preview:-1\" \/>\n<link rel=\"canonical\" href=\"https:\/\/fondalpress.it\/eng\/media\/\" \/>\n<meta property=\"og:locale\" content=\"en_US\" \/>\n<meta property=\"og:type\" content=\"article\" \/>\n<meta property=\"og:title\" content=\"Media | Fondalpress Spa\" \/>\n<meta property=\"og:description\" content=\"[...]Read More...\" \/>\n<meta property=\"og:url\" content=\"https:\/\/fondalpress.it\/eng\/media\/\" \/>\n<meta property=\"og:site_name\" content=\"Fondalpress Spa\" \/>\n<meta property=\"article:modified_time\" content=\"2024-10-02T12:56:15+00:00\" \/>\n<meta name=\"twitter:card\" content=\"summary_large_image\" \/>\n<meta name=\"twitter:label1\" content=\"Est. reading time\" \/>\n\t<meta name=\"twitter:data1\" content=\"1 minute\" \/>\n<script type=\"application\/ld+json\" class=\"yoast-schema-graph\">{\"@context\":\"https:\\\/\\\/schema.org\",\"@graph\":[{\"@type\":\"WebPage\",\"@id\":\"https:\\\/\\\/fondalpress.it\\\/media\\\/\",\"url\":\"https:\\\/\\\/fondalpress.it\\\/media\\\/\",\"name\":\"Media | Fondalpress Spa\",\"isPartOf\":{\"@id\":\"https:\\\/\\\/fondalpress.it\\\/#website\"},\"datePublished\":\"2023-12-26T12:21:27+00:00\",\"dateModified\":\"2024-10-02T12:56:15+00:00\",\"inLanguage\":\"en-US\",\"potentialAction\":[{\"@type\":\"ReadAction\",\"target\":[\"https:\\\/\\\/fondalpress.it\\\/media\\\/\"]}]},{\"@type\":\"WebSite\",\"@id\":\"https:\\\/\\\/fondalpress.it\\\/#website\",\"url\":\"https:\\\/\\\/fondalpress.it\\\/\",\"name\":\"Fondalpress\",\"description\":\"High Pressure Die-casting of Aluminium Alloys\",\"publisher\":{\"@id\":\"https:\\\/\\\/fondalpress.it\\\/#organization\"},\"potentialAction\":[{\"@type\":\"SearchAction\",\"target\":{\"@type\":\"EntryPoint\",\"urlTemplate\":\"https:\\\/\\\/fondalpress.it\\\/?s={search_term_string}\"},\"query-input\":{\"@type\":\"PropertyValueSpecification\",\"valueRequired\":true,\"valueName\":\"search_term_string\"}}],\"inLanguage\":\"en-US\"},{\"@type\":\"Organization\",\"@id\":\"https:\\\/\\\/fondalpress.it\\\/#organization\",\"name\":\"Fondalpress\",\"url\":\"https:\\\/\\\/fondalpress.it\\\/\",\"logo\":{\"@type\":\"ImageObject\",\"inLanguage\":\"en-US\",\"@id\":\"https:\\\/\\\/fondalpress.it\\\/#\\\/schema\\\/logo\\\/image\\\/\",\"url\":\"https:\\\/\\\/fondalpress.it\\\/wp-content\\\/uploads\\\/2023\\\/12\\\/logo-dark.png\",\"contentUrl\":\"https:\\\/\\\/fondalpress.it\\\/wp-content\\\/uploads\\\/2023\\\/12\\\/logo-dark.png\",\"width\":374,\"height\":41,\"caption\":\"Fondalpress\"},\"image\":{\"@id\":\"https:\\\/\\\/fondalpress.it\\\/#\\\/schema\\\/logo\\\/image\\\/\"}}]}<\/script>\n<!-- \/ Yoast SEO plugin. -->","yoast_head_json":{"title":"Media | Fondalpress Spa","robots":{"index":"index","follow":"follow","max-snippet":"max-snippet:-1","max-image-preview":"max-image-preview:large","max-video-preview":"max-video-preview:-1"},"canonical":"https:\/\/fondalpress.it\/eng\/media\/","og_locale":"en_US","og_type":"article","og_title":"Media | Fondalpress Spa","og_description":"[...]Read More...","og_url":"https:\/\/fondalpress.it\/eng\/media\/","og_site_name":"Fondalpress Spa","article_modified_time":"2024-10-02T12:56:15+00:00","twitter_card":"summary_large_image","twitter_misc":{"Est. reading time":"1 minute"},"schema":{"@context":"https:\/\/schema.org","@graph":[{"@type":"WebPage","@id":"https:\/\/fondalpress.it\/media\/","url":"https:\/\/fondalpress.it\/media\/","name":"Media | Fondalpress Spa","isPartOf":{"@id":"https:\/\/fondalpress.it\/#website"},"datePublished":"2023-12-26T12:21:27+00:00","dateModified":"2024-10-02T12:56:15+00:00","inLanguage":"en-US","potentialAction":[{"@type":"ReadAction","target":["https:\/\/fondalpress.it\/media\/"]}]},{"@type":"WebSite","@id":"https:\/\/fondalpress.it\/#website","url":"https:\/\/fondalpress.it\/","name":"Fondalpress","description":"High Pressure Die-casting of Aluminium Alloys","publisher":{"@id":"https:\/\/fondalpress.it\/#organization"},"potentialAction":[{"@type":"SearchAction","target":{"@type":"EntryPoint","urlTemplate":"https:\/\/fondalpress.it\/?s={search_term_string}"},"query-input":{"@type":"PropertyValueSpecification","valueRequired":true,"valueName":"search_term_string"}}],"inLanguage":"en-US"},{"@type":"Organization","@id":"https:\/\/fondalpress.it\/#organization","name":"Fondalpress","url":"https:\/\/fondalpress.it\/","logo":{"@type":"ImageObject","inLanguage":"en-US","@id":"https:\/\/fondalpress.it\/#\/schema\/logo\/image\/","url":"https:\/\/fondalpress.it\/wp-content\/uploads\/2023\/12\/logo-dark.png","contentUrl":"https:\/\/fondalpress.it\/wp-content\/uploads\/2023\/12\/logo-dark.png","width":374,"height":41,"caption":"Fondalpress"},"image":{"@id":"https:\/\/fondalpress.it\/#\/schema\/logo\/image\/"}}]}},"_links":{"self":[{"href":"https:\/\/fondalpress.it\/eng\/wp-json\/wp\/v2\/pages\/23","targetHints":{"allow":["GET"]}}],"collection":[{"href":"https:\/\/fondalpress.it\/eng\/wp-json\/wp\/v2\/pages"}],"about":[{"href":"https:\/\/fondalpress.it\/eng\/wp-json\/wp\/v2\/types\/page"}],"author":[{"embeddable":true,"href":"https:\/\/fondalpress.it\/eng\/wp-json\/wp\/v2\/users\/1"}],"replies":[{"embeddable":true,"href":"https:\/\/fondalpress.it\/eng\/wp-json\/wp\/v2\/comments?post=23"}],"version-history":[{"count":4,"href":"https:\/\/fondalpress.it\/eng\/wp-json\/wp\/v2\/pages\/23\/revisions"}],"predecessor-version":[{"id":1477,"href":"https:\/\/fondalpress.it\/eng\/wp-json\/wp\/v2\/pages\/23\/revisions\/1477"}],"wp:attachment":[{"href":"https:\/\/fondalpress.it\/eng\/wp-json\/wp\/v2\/media?parent=23"}],"curies":[{"name":"wp","href":"https:\/\/api.w.org\/{rel}","templated":true}]}}