{"id":434,"date":"2024-03-05T09:03:14","date_gmt":"2024-03-05T09:03:14","guid":{"rendered":"https:\/\/fondalpress.it\/?page_id=434"},"modified":"2025-04-04T15:00:46","modified_gmt":"2025-04-04T15:00:46","slug":"qualita","status":"publish","type":"page","link":"https:\/\/fondalpress.it\/de\/qualita\/","title":{"rendered":"Qualit\u00e0"},"content":{"rendered":"<div class=\"wpb-content-wrapper\"><div class=\"vc_row wpb_row vc_row-fluid\"><div class=\"wpb_column vc_column_container vc_col-sm-12\"><div class=\"vc_column-inner\"><div class=\"wpb_wrapper\">\r\n<!-- FacChiamo qualita section start from here  -->\r\n\r\n\r\n<section class=\"chi-benvenut-main facci-benvenut-main\" id=\"qualita\">\r\n    <div class=\"container\">\r\n        <div class=\"row\">\r\n            <div class=\"col-xs-12 col-sm-12 col-md-12 col-lg-12\">\r\n                <div class=\"title-box\">\r\n                    <h1 class=\"wow fadeInLeft\" data-wow-duration=\"1.2s\" data-wow-delay=\".3s\">\r\n                        SISTEMA QUALIT\u00e0<\/h1>\r\n                    <h5 class=\"wow fadeInLeft\" data-wow-duration=\"1.3s\" data-wow-delay=\".4s\">\r\n                         <\/h5>\r\n                <\/div>\r\n                <div class=\"description wow fadeInRight translation-block\" data-wow-duration=\"1.4s\" data-wow-delay=\".5s\">Das Ziel des Fondalpress-Qualit\u00e4tssystems ist die Aufrechterhaltung einer Organisation und somit eines angemessenen Prozesses, um die Erf\u00fcllung der Kundenanforderungen in \u00dcbereinstimmung mit den geltenden Vorschriften zu gew\u00e4hrleisten. <br> <br>\nFondalpress setzt einen kontinuierlichen Weg des Wachstums und der Verbesserung seiner Ressourcen und Leistungen um, um den zuk\u00fcnftigen Herausforderungen des Marktes gerecht zu werden.<\/div>\r\n            <\/div>\r\n        <\/div>\r\n    <\/div>\r\n<\/section>\r\n\r\n\r\n\r\n<!-- FacChiamo qualita section ends here  -->\r\n\r\n\r\n\r\n\r\n<!-- FacChiamo quantomtro section start from here  -->\r\n\r\n\r\n\r\n\r\n\r\n<section class=\"quantometro-main\">\r\n    <div class=\"container-fluid\">\r\n        <div class=\"row\">\r\n            <div class=\"col-xs-12 col-sm-12 col-md-4 col-lg-4 ps-0\">\r\n                <div class=\"image-box wow fadeInLeft\" data-wow-duration=\"1.4s\" data-wow-delay=\".5s\">\r\n                    <img decoding=\"async\" data-src=\"https:\/\/fondalpress.it\/wp-content\/uploads\/2024\/06\/quality.webp\" \r\n                    src=\"https:\/\/fondalpress.it\/wp-content\/uploads\/2024\/06\/placeholder.webp\" \r\n                    alt=\"\" loading=\"lazy\">\r\n                <\/div>\r\n            <\/div>\r\n            <div class=\"col-xs-12 col-sm-12 col-md-8 col-lg-8 prototipia_block_content\">\r\n                <div class=\"right-content-box  wow fadeInRight\" data-wow-duration=\"1.5s\" data-wow-delay=\".6s\">\r\n                    <h2>PR\u00dcFUNGEN UND MESSUNGEN <\/h2>\n<ul>\n<li>Tomographie \/ Radioskopie<\/li>\n<li>Metrologie: ZEISS CONTURA<\/li>\n<li>Mikroskop<\/li>\n <li>H\u00e4rtepr\u00fcfger\u00e4t<\/li>\n <li>Computergesteuertes Quantometer<\/li>\n <li>Manuelle Messlehren, MARPOSS und Kontrollmasken <\/li>\n<li>abor f\u00fcr mikrografische Analyse, Reinigung, statische Pr\u00fcfung, spezifische Pr\u00fcfst\u00e4nde<\/li>\n<\/ul>\n                <\/div>\r\n            <\/div>\r\n        <\/div>\r\n    <\/div>\r\n<\/section>\r\n\r\n<!-- FacChiamo quantometro section ends here  -->\r\n\r\n\r\n\r\n\r\n    <!-- FacChiamo certificate section start from here  -->\r\n\r\n\r\n\r\n    <section class=\"certificati-main\" id=\"certificazioni\">\r\n        <div class=\"container-fluid\">\r\n            <div class=\"row\">\r\n                <div class=\"col-xs-12 col-sm-12 col-md-1 col-lg-1 d-none  d-lg-block\"><\/div>\r\n                <div class=\"col-xs-12 col-sm-12 col-md-6 col-lg-5 prototipia_block_content\">\r\n                    <div class=\"left-content-box\">\r\n                        <h4 class=\"wow fadeInLeft\" data-wow-duration=\"1.4s\" data-wow-delay=\".5s\">L\u2019azienda \u00e8 stata certificata per la prima volta secondo la norma UNI ISO 9001:2000 nel 1999 e ISO\/TS 16949:2002 nel 2004, successivamente aggiornate in: UNI EN ISO 9001:2015 e IATF 16949:2016<\/h4>\r\n\r\n                        <h5 class=\"wow fadeInLeft\" data-wow-duration=\"1.5s\" data-wow-delay=\".6s\">Zertifikate herunterladen:<\/h5>\r\n                        <div class=\"download-file\">\r\n\r\n\r\n                                                                <div class=\"single-file\">\r\n                                        <a href=\"https:\/\/fondalpress.it\/wp-content\/uploads\/2024\/07\/Qualitatspolitik.pdf\" target=\"_blank\">\r\n                                            <div class=\"download-flex\">\r\n                                                <div class=\"pdf wow fadeInLeft\" data-wow-duration=\"1.4s\" data-wow-delay=\".4s\">\r\n                                                    <img decoding=\"async\" src=\"https:\/\/fondalpress.it\/wp-content\/themes\/red-apple\/assets\/images\/icon\/pdf.svg\" alt=\"PDF Icon\" \/>\r\n                                                <\/div>\r\n                                                <div class=\"file-name wow fadeInLeft\" data-wow-duration=\"1.4s\" data-wow-delay=\".4s\">\r\n                                                    Politica della qualit\u00e0 Fondalpress                                                <\/div>\r\n                                                <div class=\"download-icon wow fadeInLeft\" data-wow-duration=\"1.4s\" data-wow-delay=\".4s\">\r\n                                                    <img decoding=\"async\" src=\"\/wp-content\/uploads\/2026\/02\/FP-ETHIC-CODE-ED.01-REV.00.pdf\" alt=\"Download Icon\" \/>\r\n                                                <\/div>\r\n                                            <\/div>\r\n                                        <\/a>\r\n                                    <\/div>\r\n                                                                        <div class=\"single-file\">\r\n                                        <a href=\"https:\/\/fondalpress.it\/wp-content\/uploads\/2025\/04\/FONDALPRESS_ISO-9001-2015-2024-27.pdf\" target=\"_blank\">\r\n                                            <div class=\"download-flex\">\r\n                                                <div class=\"pdf wow fadeInLeft\" data-wow-duration=\"1.5s\" data-wow-delay=\".4s\">\r\n                                                    <img decoding=\"async\" src=\"https:\/\/fondalpress.it\/wp-content\/themes\/red-apple\/assets\/images\/icon\/pdf.svg\" alt=\"PDF Icon\" \/>\r\n                                                <\/div>\r\n                                                <div class=\"file-name wow fadeInLeft\" data-wow-duration=\"1.5s\" data-wow-delay=\".4s\">\r\n                                                    https:\/\/fondalpress.it\/wp-content\/uploads\/2024\/06\/ISO-9001_2015.pdf                                                <\/div>\r\n                                                <div class=\"download-icon wow fadeInLeft\" data-wow-duration=\"1.5s\" data-wow-delay=\".4s\">\r\n                                                    <img decoding=\"async\" src=\"\/wp-content\/uploads\/2026\/02\/FP-ETHIC-CODE-ED.01-REV.00.pdf\" alt=\"Download Icon\" \/>\r\n                                                <\/div>\r\n                                            <\/div>\r\n                                        <\/a>\r\n                                    <\/div>\r\n                                                                        <div class=\"single-file\">\r\n                                        <a href=\"https:\/\/fondalpress.it\/wp-content\/uploads\/2025\/04\/FONDALPRESS_IATF-2024-27.pdf\" target=\"_blank\">\r\n                                            <div class=\"download-flex\">\r\n                                                <div class=\"pdf wow fadeInLeft\" data-wow-duration=\"1.6s\" data-wow-delay=\".4s\">\r\n                                                    <img decoding=\"async\" src=\"https:\/\/fondalpress.it\/wp-content\/themes\/red-apple\/assets\/images\/icon\/pdf.svg\" alt=\"PDF Icon\" \/>\r\n                                                <\/div>\r\n                                                <div class=\"file-name wow fadeInLeft\" data-wow-duration=\"1.6s\" data-wow-delay=\".4s\">\r\n                                                    IATF 16949:2016                                                <\/div>\r\n                                                <div class=\"download-icon wow fadeInLeft\" data-wow-duration=\"1.6s\" data-wow-delay=\".4s\">\r\n                                                    <img decoding=\"async\" src=\"\/wp-content\/uploads\/2026\/02\/FP-ETHIC-CODE-ED.01-REV.00.pdf\" alt=\"Download Icon\" \/>\r\n                                                <\/div>\r\n                                            <\/div>\r\n                                        <\/a>\r\n                                    <\/div>\r\n                                    \r\n                            \r\n\r\n                        <\/div>\r\n                    <\/div>\r\n                <\/div>\r\n                <div class=\"col-xs-12 col-sm-12 col-md-1 col-lg-1 d-none d-lg-block\"><\/div>\r\n                <div class=\"col-xs-12 col-sm-12 col-md-6 col-lg-5 pe-0\">\r\n                    <div class=\"image-box wow fadeInRight\" data-wow-duration=\"1.5s\" data-wow-delay=\".6s\">\r\n                        <img decoding=\"async\"\r\n                                data-src=\"https:\/\/fondalpress.it\/wp-content\/uploads\/2024\/06\/certificate.webp\"\r\n                                src=\"https:\/\/fondalpress.it\/wp-content\/uploads\/2024\/06\/placeholder.webp\"\r\n                                alt=\"\" loading=\"lazy\" \/>\r\n                    <\/div>\r\n                <\/div>\r\n            <\/div>\r\n        <\/div>\r\n    <\/section>\r\n\r\n    <!-- FacChiamo certificate  section ends here  -->\r\n\r\n\r\n\r\n    <\/div><\/div><\/div><\/div>\n<\/div>","protected":false},"excerpt":{"rendered":"<p> [&#8230;]<\/p>\n<p><a class=\"btn btn-secondary metaswiss-read-more-link\" href=\"https:\/\/fondalpress.it\/de\/qualita\/\">Weiterlesen&#8230;<\/a><\/p>\n","protected":false},"author":1,"featured_media":0,"parent":0,"menu_order":0,"comment_status":"closed","ping_status":"closed","template":"","meta":{"_acf_changed":false,"footnotes":""},"class_list":["post-434","page","type-page","status-publish","hentry"],"acf":[],"yoast_head":"<!-- This site is optimized with the Yoast SEO plugin v27.4 - https:\/\/yoast.com\/product\/yoast-seo-wordpress\/ -->\n<title>Qualit\u00e0 | Fondalpress Spa<\/title>\n<meta name=\"robots\" content=\"index, follow, max-snippet:-1, max-image-preview:large, max-video-preview:-1\" \/>\n<link rel=\"canonical\" href=\"https:\/\/fondalpress.it\/de\/qualita\/\" \/>\n<meta property=\"og:locale\" content=\"de_DE\" \/>\n<meta property=\"og:type\" content=\"article\" \/>\n<meta property=\"og:title\" content=\"Qualit\u00e0 | Fondalpress Spa\" \/>\n<meta property=\"og:description\" content=\"[...]Weiterlesen...\" \/>\n<meta property=\"og:url\" content=\"https:\/\/fondalpress.it\/de\/qualita\/\" \/>\n<meta property=\"og:site_name\" content=\"Fondalpress Spa\" \/>\n<meta property=\"article:modified_time\" content=\"2025-04-04T15:00:46+00:00\" \/>\n<meta name=\"twitter:card\" content=\"summary_large_image\" \/>\n<meta name=\"twitter:label1\" content=\"Gesch\u00e4tzte Lesezeit\" \/>\n\t<meta name=\"twitter:data1\" content=\"1\u00a0Minute\" \/>\n<script type=\"application\/ld+json\" class=\"yoast-schema-graph\">{\"@context\":\"https:\\\/\\\/schema.org\",\"@graph\":[{\"@type\":\"WebPage\",\"@id\":\"https:\\\/\\\/fondalpress.it\\\/qualita\\\/\",\"url\":\"https:\\\/\\\/fondalpress.it\\\/qualita\\\/\",\"name\":\"Qualit\u00e0 | Fondalpress Spa\",\"isPartOf\":{\"@id\":\"https:\\\/\\\/fondalpress.it\\\/#website\"},\"datePublished\":\"2024-03-05T09:03:14+00:00\",\"dateModified\":\"2025-04-04T15:00:46+00:00\",\"inLanguage\":\"de\",\"potentialAction\":[{\"@type\":\"ReadAction\",\"target\":[\"https:\\\/\\\/fondalpress.it\\\/qualita\\\/\"]}]},{\"@type\":\"WebSite\",\"@id\":\"https:\\\/\\\/fondalpress.it\\\/#website\",\"url\":\"https:\\\/\\\/fondalpress.it\\\/\",\"name\":\"Fondalpress\",\"description\":\"High Pressure Die-casting of Aluminium Alloys\",\"publisher\":{\"@id\":\"https:\\\/\\\/fondalpress.it\\\/#organization\"},\"potentialAction\":[{\"@type\":\"SearchAction\",\"target\":{\"@type\":\"EntryPoint\",\"urlTemplate\":\"https:\\\/\\\/fondalpress.it\\\/?s={search_term_string}\"},\"query-input\":{\"@type\":\"PropertyValueSpecification\",\"valueRequired\":true,\"valueName\":\"search_term_string\"}}],\"inLanguage\":\"de\"},{\"@type\":\"Organization\",\"@id\":\"https:\\\/\\\/fondalpress.it\\\/#organization\",\"name\":\"Fondalpress\",\"url\":\"https:\\\/\\\/fondalpress.it\\\/\",\"logo\":{\"@type\":\"ImageObject\",\"inLanguage\":\"de\",\"@id\":\"https:\\\/\\\/fondalpress.it\\\/#\\\/schema\\\/logo\\\/image\\\/\",\"url\":\"https:\\\/\\\/fondalpress.it\\\/wp-content\\\/uploads\\\/2023\\\/12\\\/logo-dark.png\",\"contentUrl\":\"https:\\\/\\\/fondalpress.it\\\/wp-content\\\/uploads\\\/2023\\\/12\\\/logo-dark.png\",\"width\":374,\"height\":41,\"caption\":\"Fondalpress\"},\"image\":{\"@id\":\"https:\\\/\\\/fondalpress.it\\\/#\\\/schema\\\/logo\\\/image\\\/\"}}]}<\/script>\n<!-- \/ Yoast SEO plugin. -->","yoast_head_json":{"title":"Qualit\u00e0 | Fondalpress Spa","robots":{"index":"index","follow":"follow","max-snippet":"max-snippet:-1","max-image-preview":"max-image-preview:large","max-video-preview":"max-video-preview:-1"},"canonical":"https:\/\/fondalpress.it\/de\/qualita\/","og_locale":"de_DE","og_type":"article","og_title":"Qualit\u00e0 | Fondalpress Spa","og_description":"[...]Weiterlesen...","og_url":"https:\/\/fondalpress.it\/de\/qualita\/","og_site_name":"Fondalpress Spa","article_modified_time":"2025-04-04T15:00:46+00:00","twitter_card":"summary_large_image","twitter_misc":{"Gesch\u00e4tzte Lesezeit":"1\u00a0Minute"},"schema":{"@context":"https:\/\/schema.org","@graph":[{"@type":"WebPage","@id":"https:\/\/fondalpress.it\/qualita\/","url":"https:\/\/fondalpress.it\/qualita\/","name":"Qualit\u00e0 | Fondalpress Spa","isPartOf":{"@id":"https:\/\/fondalpress.it\/#website"},"datePublished":"2024-03-05T09:03:14+00:00","dateModified":"2025-04-04T15:00:46+00:00","inLanguage":"de","potentialAction":[{"@type":"ReadAction","target":["https:\/\/fondalpress.it\/qualita\/"]}]},{"@type":"WebSite","@id":"https:\/\/fondalpress.it\/#website","url":"https:\/\/fondalpress.it\/","name":"Fondalpress","description":"High Pressure Die-casting of Aluminium Alloys","publisher":{"@id":"https:\/\/fondalpress.it\/#organization"},"potentialAction":[{"@type":"SearchAction","target":{"@type":"EntryPoint","urlTemplate":"https:\/\/fondalpress.it\/?s={search_term_string}"},"query-input":{"@type":"PropertyValueSpecification","valueRequired":true,"valueName":"search_term_string"}}],"inLanguage":"de"},{"@type":"Organization","@id":"https:\/\/fondalpress.it\/#organization","name":"Fondalpress","url":"https:\/\/fondalpress.it\/","logo":{"@type":"ImageObject","inLanguage":"de","@id":"https:\/\/fondalpress.it\/#\/schema\/logo\/image\/","url":"https:\/\/fondalpress.it\/wp-content\/uploads\/2023\/12\/logo-dark.png","contentUrl":"https:\/\/fondalpress.it\/wp-content\/uploads\/2023\/12\/logo-dark.png","width":374,"height":41,"caption":"Fondalpress"},"image":{"@id":"https:\/\/fondalpress.it\/#\/schema\/logo\/image\/"}}]}},"_links":{"self":[{"href":"https:\/\/fondalpress.it\/de\/wp-json\/wp\/v2\/pages\/434","targetHints":{"allow":["GET"]}}],"collection":[{"href":"https:\/\/fondalpress.it\/de\/wp-json\/wp\/v2\/pages"}],"about":[{"href":"https:\/\/fondalpress.it\/de\/wp-json\/wp\/v2\/types\/page"}],"author":[{"embeddable":true,"href":"https:\/\/fondalpress.it\/de\/wp-json\/wp\/v2\/users\/1"}],"replies":[{"embeddable":true,"href":"https:\/\/fondalpress.it\/de\/wp-json\/wp\/v2\/comments?post=434"}],"version-history":[{"count":21,"href":"https:\/\/fondalpress.it\/de\/wp-json\/wp\/v2\/pages\/434\/revisions"}],"predecessor-version":[{"id":1506,"href":"https:\/\/fondalpress.it\/de\/wp-json\/wp\/v2\/pages\/434\/revisions\/1506"}],"wp:attachment":[{"href":"https:\/\/fondalpress.it\/de\/wp-json\/wp\/v2\/media?parent=434"}],"curies":[{"name":"wp","href":"https:\/\/api.w.org\/{rel}","templated":true}]}}