{"id":27,"date":"2023-12-26T12:29:47","date_gmt":"2023-12-26T12:29:47","guid":{"rendered":"https:\/\/localhost\/fondalpress\/?page_id=27"},"modified":"2026-03-02T14:06:37","modified_gmt":"2026-03-02T14:06:37","slug":"sostenibilita","status":"publish","type":"page","link":"https:\/\/fondalpress.it\/de\/sostenibilita\/","title":{"rendered":"Sostenibilit\u00e0"},"content":{"rendered":"<div class=\"wpb-content-wrapper\"><div class=\"vc_row wpb_row vc_row-fluid\"><div class=\"wpb_column vc_column_container vc_col-sm-12\" id=\"ambiente\"><div class=\"vc_column-inner\"><div class=\"wpb_wrapper\">\n<!-- about section start from here  -->\n<section class=\"about-main sustenibilita_top_section\" id=\"ambiente\" >\n    <div class=\"container\">\n        <div class=\"row\">\n            <div class=\"col-xs-12 col-sm-12 col-md-5 col-lg-5\">\n                <div class=\"left-title-box wow fadeInUp\" data-wow-duration=\"1.3s\" data-wow-delay=\".3s\">\n                    <h1>SOSTENIBILIT\u00c0<\/h1>\n                    <p class=\"translation-block\">WIR ARBEITEN JEDEN TAG F\u00dcR EINE BESSERE ZUKUNFT<\/p>\n                <\/div>\n            <\/div> \n\n             \n\n             \n            <div class=\"col-xs-12 col-sm-12 col-md-7 col-lg-7\">\n                <div class=\"right-content-box  wow fadeInUp\" data-wow-duration=\"1.3s\" data-wow-delay=\".3s\">\n                    <p class=\"translation-block\">Fondalpress setzt in all seinen Produktionszyklen die Prinzipien der Kreislaufwirtschaft um, die eine Reduzierung Wiederverwendung und Recycling der vorhandenen Materialien und Produkte vorsieht. <br>\nDie Anwendung \u00f6kologisch nachhaltiger Entscheidungen ist die Grundlage industrieller Innovationsprozesse, die zu einer industriellen Produktion f\u00fchren sollen und die Umwelt und die Menschen respektiert.<\/p>\n                    \n               \n                    <div class=\"riciclare-box\">\n                                                 \n                        \n                                                                                            <\/div>\n                 \n                <\/div>\n            <\/div>\n             \n    \n            \n        <\/div>\n    <\/div>\n<\/section>\n<!-- about section ends here  -->\n\n\n<!-- about section start from here  -->\n<section class=\"about-main sustenibilita_top_section\" id=\"ambiente\" >\n    <div class=\"container\">\n        <div class=\"row\">\n            <div class=\"col-xs-12 col-sm-12 col-md-5 col-lg-5\">\n                <div class=\"left-title-box wow fadeInUp\" data-wow-duration=\"1.3s\" data-wow-delay=\".3s\">\n                    <h1>Umwelt<\/h1>\n                    <p><\/p>\n                <\/div>\n            <\/div> \n\n             \n\n             \n            <div class=\"col-xs-12 col-sm-12 col-md-7 col-lg-7\">\n                <div class=\"right-content-box  wow fadeInUp\" data-wow-duration=\"1.3s\" data-wow-delay=\".3s\">\n                    <p class=\"translation-block\">Fondalpress arbeitet st\u00e4ndig daran, die Auswirkungen auf die Umwelt zu reduzieren, indem es in umweltvertr\u00e4gliche Technologien und Systeme zur Wiederverwendung von Ressourcen investiert. \nFondalpress f\u00f6rdert eine Kultur der aktiven Verantwortung f\u00fcr die Umwelt in den Entscheidungen und T\u00e4tigkeiten seiner Angestellten und Mitarbeiter. \nFondalpress hat die Verwendung von f\u00fcr Mensch und Umwelt gef\u00e4hrlichen Stoffen aus seinen Produktionsprozessen und Produkten verbannt. <br>\nUm den Einsatz von Energie aus erneuerbaren Quellen zu erh\u00f6hen, plant Fondalpress die Installation einer 1-MWp-Photovoltaikanlage in Castell'Alfero und die Reduzierung der CO2-Emissionen.<\/p>\n                    \n               \n                    <div class=\"riciclare-box\">\n                                                                                                 \n                        <div class=\"reclare-download-flex\">\n                            <div class=\"download-file\">\n                                <div class=\"single-file wow fadeInUp\" data-wow-duration=\"1.5s\" data-wow-delay=\".9s\">\n                                    <a href=\"https:\/\/fondalpress.it\/wp-content\/uploads\/2024\/06\/ENVIRONMENTAL-POLICY.pdf\" target=\"_blank\">\n                                        <div class=\"download-flex\">\n                                            <div class=\"pdf\">\n                                                <img decoding=\"async\" src=\"https:\/\/fondalpress.it\/wp-content\/themes\/red-apple\/assets\/images\/icon\/pdf.svg\" alt=\"\">\n                                            <\/div>\n                                            <div class=\"file-name\">UMWELTPOLITIK (herunterladen)<\/div>\n                                            <div class=\"download-icon\">\n                                                <img decoding=\"async\" src=\"\/wp-content\/uploads\/2026\/02\/FP-ETHIC-CODE-ED.01-REV.00.pdf\" alt=\"\">\n                                            <\/div>\n                                        <\/div>\n                                    <\/a>\n                                <\/div>\n                            <\/div>\n                        <\/div><br>\n                                            <\/div>\n                 \n                <\/div>\n            <\/div>\n             \n    \n            \n        <\/div>\n    <\/div>\n<\/section>\n<!-- about section ends here  -->\n\n\n<!-- sustenibilita icon section start from here  -->\n<section class=\"sus_icon_section\">\n    <div class=\"container\">\n        <div class=\"sus_icon_boxes white-con center\">\n                        <div class=\"sus_icon_box wow fadeInLeft\" data-wow-duration=\"1.3s\" data-wow-delay=\".5s\">\n                <div class=\"sus_icon\" >\n                    <img decoding=\"async\" src=\"https:\/\/fondalpress.it\/wp-content\/uploads\/2023\/12\/sus-icon1.png\" alt=\"\">\n                <\/div>\n                <h3 class=\"translation-block\">Recycling <br> of aluminum<\/h3>\n            <\/div>   \n                        <div class=\"sus_icon_box wow fadeInLeft\" data-wow-duration=\"1.3s\" data-wow-delay=\".5s\">\n                <div class=\"sus_icon\" >\n                    <img decoding=\"async\" src=\"https:\/\/fondalpress.it\/wp-content\/uploads\/2023\/12\/sus-icon2.png\" alt=\"\">\n                <\/div>\n                <h3 class=\"translation-block\">Electric <br> mobility sector<\/h3>\n            <\/div>   \n                        <div class=\"sus_icon_box wow fadeInLeft\" data-wow-duration=\"1.3s\" data-wow-delay=\".5s\">\n                <div class=\"sus_icon\" >\n                    <img decoding=\"async\" src=\"https:\/\/fondalpress.it\/wp-content\/uploads\/2023\/12\/sus-icon3.png\" alt=\"\">\n                <\/div>\n                <h3 class=\"translation-block\">Reuse <br> of water<\/h3>\n            <\/div>   \n                        <div class=\"sus_icon_box wow fadeInLeft\" data-wow-duration=\"1.3s\" data-wow-delay=\".5s\">\n                <div class=\"sus_icon\" >\n                    <img decoding=\"async\" src=\"https:\/\/fondalpress.it\/wp-content\/uploads\/2023\/12\/sus-icon4.png\" alt=\"\">\n                <\/div>\n                <h3 class=\"translation-block\">Integrated <br> teamwork<\/h3>\n            <\/div>   \n                        <div class=\"sus_icon_box wow fadeInLeft\" data-wow-duration=\"1.3s\" data-wow-delay=\".5s\">\n                <div class=\"sus_icon\" >\n                    <img decoding=\"async\" src=\"https:\/\/fondalpress.it\/wp-content\/uploads\/2023\/12\/sus-icon5.png\" alt=\"\">\n                <\/div>\n                <h3 class=\"translation-block\">Intelligent <br> production<\/h3>\n            <\/div>   \n                        <div class=\"sus_icon_box wow fadeInLeft\" data-wow-duration=\"1.3s\" data-wow-delay=\".5s\">\n                <div class=\"sus_icon\" >\n                    <img decoding=\"async\" src=\"https:\/\/fondalpress.it\/wp-content\/uploads\/2023\/12\/sus-icon6.png\" alt=\"\">\n                <\/div>\n                <h3>Industry <br>4.0<\/h3>\n            <\/div>   \n                        <div class=\"sus_icon_box wow fadeInLeft\" data-wow-duration=\"1.3s\" data-wow-delay=\".5s\">\n                <div class=\"sus_icon\" >\n                    <img decoding=\"async\" src=\"https:\/\/fondalpress.it\/wp-content\/uploads\/2023\/12\/sus-icon7.png\" alt=\"\">\n                <\/div>\n                <h3 class=\"translation-block\">Environmental  <br> sustainability<\/h3>\n            <\/div>   \n                        <div class=\"sus_icon_box wow fadeInLeft\" data-wow-duration=\"1.3s\" data-wow-delay=\".5s\">\n                <div class=\"sus_icon\" >\n                    <img decoding=\"async\" src=\"https:\/\/fondalpress.it\/wp-content\/uploads\/2023\/12\/sus-icon8.png\" alt=\"\">\n                <\/div>\n                <h3 class=\"translation-block\">Circular <br> economy<\/h3>\n            <\/div>   \n                    <\/div>\n    <\/div>\n<\/section>\n<!-- sustenibilita icon section ends here  -->\n\n\n<!-- future section start from here  -->\n<section class=\"sus_future_section wow fadeIn sus_future_section-bg lazy-background\"\nstyle=\"background: url('https:\/\/fondalpress.it\/wp-content\/uploads\/2024\/06\/placeholder.webp');\"\ndata-src=\"https:\/\/fondalpress.it\/wp-content\/uploads\/2024\/06\/sos-future.webp\"  data-wow-duration=\"1.1s\" data-wow-delay=\".1s\">\n    <div class=\"container\">\n        <div class=\"sus_future_content white-con wow fadeInUp\" data-wow-duration=\"1.3s\" data-wow-delay=\".3s\">\n            <h3 class=\"translation-block\">Innovative L\u00f6sungen <br>\nProduktion und Menschen <br>\nsind  die Grundlage einer nachhaltigen Zukunft<\/h3>\n        <\/div>\n    <\/div>\n<\/section>\n<!-- future section ends here  -->\n\n\n<!-- about section start from here  -->\n<section class=\"about-main sustenibilita_top_section\" id=\"saluteesicurezza\" >\n    <div class=\"container\">\n        <div class=\"row\">\n            <div class=\"col-xs-12 col-sm-12 col-md-5 col-lg-5\">\n                <div class=\"left-title-box wow fadeInUp\" data-wow-duration=\"1.3s\" data-wow-delay=\".3s\">\n                    <h1>GESUNDHEIT UND SICHERHEIT<\/h1>\n                    <p><\/p>\n                <\/div>\n            <\/div> \n\n             \n\n             \n            <div class=\"col-xs-12 col-sm-12 col-md-7 col-lg-7\">\n                <div class=\"right-content-box  wow fadeInUp\" data-wow-duration=\"1.3s\" data-wow-delay=\".3s\">\n                    <p>Fondalpress tutela la salute e la sicurezza dei propri dipendenti e \npromuove una politica di attenzione al benessere delle persone, \nnel rispetto delle norme nazionali ed internazionali, attraverso le attivit\u00e0 del\nResponsabile del Servizio di Prevenzione e Protezione contribuisce  a diffondere la cultura di consapevolezza e attenzione per la salute e la sicurezza sul posto di lavoro. \n\n\n<\/p>\n                    \n               \n                    <div class=\"riciclare-box\">\n                                                                                                 \n                        <div class=\"reclare-download-flex\">\n                            <div class=\"download-file\">\n                                <div class=\"single-file wow fadeInUp\" data-wow-duration=\"1.5s\" data-wow-delay=\".9s\">\n                                    <a href=\"https:\/\/fondalpress.it\/wp-content\/uploads\/2024\/07\/Sicherheitspolitik.pdf\" target=\"_blank\">\n                                        <div class=\"download-flex\">\n                                            <div class=\"pdf\">\n                                                <img decoding=\"async\" src=\"https:\/\/fondalpress.it\/wp-content\/themes\/red-apple\/assets\/images\/icon\/pdf.svg\" alt=\"\">\n                                            <\/div>\n                                            <div class=\"file-name\">SICHERHEITSPOLITIK<\/div>\n                                            <div class=\"download-icon\">\n                                                <img decoding=\"async\" src=\"\/wp-content\/uploads\/2026\/02\/FP-ETHIC-CODE-ED.01-REV.00.pdf\" alt=\"\">\n                                            <\/div>\n                                        <\/div>\n                                    <\/a>\n                                <\/div>\n                            <\/div>\n                        <\/div><br>\n                                            <\/div>\n                 \n                <\/div>\n            <\/div>\n             \n    \n            \n        <\/div>\n    <\/div>\n<\/section>\n<!-- about section ends here  -->\n\n\n<!-- about section start from here  -->\n<section class=\"about-main sustenibilita_top_section\" id=\"sociale\" >\n    <div class=\"container\">\n        <div class=\"row\">\n            <div class=\"col-xs-12 col-sm-12 col-md-5 col-lg-5\">\n                <div class=\"left-title-box wow fadeInUp\" data-wow-duration=\"1.3s\" data-wow-delay=\".3s\">\n                    <h1>ETHISCHES UND SOZIALES VERHALTEN<\/h1>\n                    <p><\/p>\n                <\/div>\n            <\/div> \n\n             \n\n             \n            <div class=\"col-xs-12 col-sm-12 col-md-7 col-lg-7\">\n                <div class=\"right-content-box  wow fadeInUp\" data-wow-duration=\"1.3s\" data-wow-delay=\".3s\">\n                    <p>Fondalpress wendet mit seinem Ethikkodex t\u00e4glich die Grunds\u00e4tze an, an die das Unternehmen glaubt:\n<ul>\n<li>Rispetto delle leggi, correttezza, trasparenza, onest\u00e0<\/li>\n<li>Rispetto dell\u2019ambiente, della salute e sicurezza<\/li>\n<li>Equit\u00e0 e inclusione<\/li>\n<li>Respekt f\u00fcr Vertraulichkeit und Privatsph\u00e4re<\/li>\n<li>Responsabilit\u00e0 sociale<\/li>\n<\/ul>\n<br\/>\n\nPromuove iniziative socio-culturali a supporto della comunit\u00e0 del territorio nel quale opera ed \u00e8 profondamente radicata.<\/p>\n                    \n               \n                    <div class=\"riciclare-box\">\n                                                                                                 \n                        <div class=\"reclare-download-flex\">\n                            <div class=\"download-file\">\n                                <div class=\"single-file wow fadeInUp\" data-wow-duration=\"1.5s\" data-wow-delay=\".9s\">\n                                    <a href=\"\/wp-content\/uploads\/2026\/02\/FP-ETHIC-CODE-ED.01-REV.00.pdf\" target=\"_blank\">\n                                        <div class=\"download-flex\">\n                                            <div class=\"pdf\">\n                                                <img decoding=\"async\" src=\"https:\/\/fondalpress.it\/wp-content\/themes\/red-apple\/assets\/images\/icon\/pdf.svg\" alt=\"\">\n                                            <\/div>\n                                            <div class=\"file-name\">Ethikkodex<\/div>\n                                            <div class=\"download-icon\">\n                                                <img decoding=\"async\" src=\"\/wp-content\/uploads\/2026\/02\/FP-ETHIC-CODE-ED.01-REV.00.pdf\" alt=\"\">\n                                            <\/div>\n                                        <\/div>\n                                    <\/a>\n                                <\/div>\n                            <\/div>\n                        <\/div><br>\n                                            <\/div>\n                 \n                <\/div>\n            <\/div>\n             \n    \n            \n        <\/div>\n    <\/div>\n<\/section>\n<!-- about section ends here  -->\n\n\n<!-- SOS last section start here  -->\n<section id=\"governance\" class=\"certificati-main sus_last_pdf_section\">\n    <div class=\"container-fluid\">\n        <div class=\"left-content-box\">\n            <h4 class=\"wow fadeInUp\" data-wow-duration=\"1.3s\" data-wow-delay=\".3s\"><\/h4>\n            <div class=\"sus_pdf_text_top sus_pdf_text wow fadeInUp\" data-wow-duration=\"1.3s\" data-wow-delay=\".5s\">\n                <h3>UNTERNEHMENSZERTIFIZIERUNG<\/h3>\n                <p class=\"translation-block\">Fondalpress achtet auf ein angemessenes Umweltmanagement an seinen Produktionsstandorten und hat ein zertifiziertes System nach der internationalen Norm UN EN ISO 14001 eingef\u00fchrt. Nach der ersten Zertifizierung im Jahr 2006 hat Fondalpress sein Umweltmanagement st\u00e4ndig verbessert und wurde im Jahr 2018 nach der Ausgabe 2015 zertifiziert.<\/p>\n            <\/div>\n            <div class=\"download-file\">\n                                <div class=\"single-file wow fadeInUp\" data-wow-duration=\"1.5s\" data-wow-delay=\".9s\">\n                    <a href=\"https:\/\/fondalpress.it\/wp-content\/uploads\/2025\/04\/FONDALPRESS_ISO-14001-2015-_ITA_2024-27.pdf\" target=\"_blank\">\n                        <div class=\"download-flex\">\n                            <div class=\"pdf\">\n                                <img decoding=\"async\" src=\"https:\/\/fondalpress.it\/wp-content\/themes\/red-apple\/assets\/images\/icon\/pdf.svg\" alt=\"\">\n                            <\/div>\n                            <div class=\"file-name\">CERTIFICATO UNI EN ISO 14001-2015<\/div>\n                            <div class=\"download-icon\">\n                                <img decoding=\"async\" src=\"\/wp-content\/uploads\/2026\/02\/FP-ETHIC-CODE-ED.01-REV.00.pdf\" alt=\"\">\n                            <\/div>\n                        <\/div>\n                    <\/a>\n                <\/div>\n                            <\/div>\n        <\/div>\n    <\/div>\n<\/section>\n<!-- SOS last section ends here  -->\n\n<\/div><\/div><\/div><\/div>\n<\/div>","protected":false},"excerpt":{"rendered":"<p> [&#8230;]<\/p>\n<p><a class=\"btn btn-secondary metaswiss-read-more-link\" href=\"https:\/\/fondalpress.it\/de\/sostenibilita\/\">Weiterlesen&#8230;<\/a><\/p>\n","protected":false},"author":1,"featured_media":0,"parent":0,"menu_order":0,"comment_status":"closed","ping_status":"closed","template":"","meta":{"_acf_changed":false,"footnotes":""},"class_list":["post-27","page","type-page","status-publish","hentry"],"acf":[],"yoast_head":"<!-- This site is optimized with the Yoast SEO plugin v27.4 - https:\/\/yoast.com\/product\/yoast-seo-wordpress\/ -->\n<title>Sostenibilit\u00e0 | Fondalpress Spa<\/title>\n<meta name=\"robots\" content=\"index, follow, max-snippet:-1, max-image-preview:large, max-video-preview:-1\" \/>\n<link rel=\"canonical\" href=\"https:\/\/fondalpress.it\/de\/sostenibilita\/\" \/>\n<meta property=\"og:locale\" content=\"de_DE\" \/>\n<meta property=\"og:type\" content=\"article\" \/>\n<meta property=\"og:title\" content=\"Sostenibilit\u00e0 | Fondalpress Spa\" \/>\n<meta property=\"og:description\" content=\"[...]Weiterlesen...\" \/>\n<meta property=\"og:url\" content=\"https:\/\/fondalpress.it\/de\/sostenibilita\/\" \/>\n<meta property=\"og:site_name\" content=\"Fondalpress Spa\" \/>\n<meta property=\"article:modified_time\" content=\"2026-03-02T14:06:37+00:00\" \/>\n<meta name=\"twitter:card\" content=\"summary_large_image\" \/>\n<meta name=\"twitter:label1\" content=\"Gesch\u00e4tzte Lesezeit\" \/>\n\t<meta name=\"twitter:data1\" content=\"1\u00a0Minute\" \/>\n<script type=\"application\/ld+json\" class=\"yoast-schema-graph\">{\"@context\":\"https:\\\/\\\/schema.org\",\"@graph\":[{\"@type\":\"WebPage\",\"@id\":\"https:\\\/\\\/fondalpress.it\\\/sostenibilita\\\/\",\"url\":\"https:\\\/\\\/fondalpress.it\\\/sostenibilita\\\/\",\"name\":\"Sostenibilit\u00e0 | Fondalpress Spa\",\"isPartOf\":{\"@id\":\"https:\\\/\\\/fondalpress.it\\\/#website\"},\"datePublished\":\"2023-12-26T12:29:47+00:00\",\"dateModified\":\"2026-03-02T14:06:37+00:00\",\"inLanguage\":\"de\",\"potentialAction\":[{\"@type\":\"ReadAction\",\"target\":[\"https:\\\/\\\/fondalpress.it\\\/sostenibilita\\\/\"]}]},{\"@type\":\"WebSite\",\"@id\":\"https:\\\/\\\/fondalpress.it\\\/#website\",\"url\":\"https:\\\/\\\/fondalpress.it\\\/\",\"name\":\"Fondalpress\",\"description\":\"High Pressure Die-casting of Aluminium Alloys\",\"publisher\":{\"@id\":\"https:\\\/\\\/fondalpress.it\\\/#organization\"},\"potentialAction\":[{\"@type\":\"SearchAction\",\"target\":{\"@type\":\"EntryPoint\",\"urlTemplate\":\"https:\\\/\\\/fondalpress.it\\\/?s={search_term_string}\"},\"query-input\":{\"@type\":\"PropertyValueSpecification\",\"valueRequired\":true,\"valueName\":\"search_term_string\"}}],\"inLanguage\":\"de\"},{\"@type\":\"Organization\",\"@id\":\"https:\\\/\\\/fondalpress.it\\\/#organization\",\"name\":\"Fondalpress\",\"url\":\"https:\\\/\\\/fondalpress.it\\\/\",\"logo\":{\"@type\":\"ImageObject\",\"inLanguage\":\"de\",\"@id\":\"https:\\\/\\\/fondalpress.it\\\/#\\\/schema\\\/logo\\\/image\\\/\",\"url\":\"https:\\\/\\\/fondalpress.it\\\/wp-content\\\/uploads\\\/2023\\\/12\\\/logo-dark.png\",\"contentUrl\":\"https:\\\/\\\/fondalpress.it\\\/wp-content\\\/uploads\\\/2023\\\/12\\\/logo-dark.png\",\"width\":374,\"height\":41,\"caption\":\"Fondalpress\"},\"image\":{\"@id\":\"https:\\\/\\\/fondalpress.it\\\/#\\\/schema\\\/logo\\\/image\\\/\"}}]}<\/script>\n<!-- \/ Yoast SEO plugin. -->","yoast_head_json":{"title":"Sostenibilit\u00e0 | Fondalpress Spa","robots":{"index":"index","follow":"follow","max-snippet":"max-snippet:-1","max-image-preview":"max-image-preview:large","max-video-preview":"max-video-preview:-1"},"canonical":"https:\/\/fondalpress.it\/de\/sostenibilita\/","og_locale":"de_DE","og_type":"article","og_title":"Sostenibilit\u00e0 | Fondalpress Spa","og_description":"[...]Weiterlesen...","og_url":"https:\/\/fondalpress.it\/de\/sostenibilita\/","og_site_name":"Fondalpress Spa","article_modified_time":"2026-03-02T14:06:37+00:00","twitter_card":"summary_large_image","twitter_misc":{"Gesch\u00e4tzte Lesezeit":"1\u00a0Minute"},"schema":{"@context":"https:\/\/schema.org","@graph":[{"@type":"WebPage","@id":"https:\/\/fondalpress.it\/sostenibilita\/","url":"https:\/\/fondalpress.it\/sostenibilita\/","name":"Sostenibilit\u00e0 | Fondalpress Spa","isPartOf":{"@id":"https:\/\/fondalpress.it\/#website"},"datePublished":"2023-12-26T12:29:47+00:00","dateModified":"2026-03-02T14:06:37+00:00","inLanguage":"de","potentialAction":[{"@type":"ReadAction","target":["https:\/\/fondalpress.it\/sostenibilita\/"]}]},{"@type":"WebSite","@id":"https:\/\/fondalpress.it\/#website","url":"https:\/\/fondalpress.it\/","name":"Fondalpress","description":"High Pressure Die-casting of Aluminium Alloys","publisher":{"@id":"https:\/\/fondalpress.it\/#organization"},"potentialAction":[{"@type":"SearchAction","target":{"@type":"EntryPoint","urlTemplate":"https:\/\/fondalpress.it\/?s={search_term_string}"},"query-input":{"@type":"PropertyValueSpecification","valueRequired":true,"valueName":"search_term_string"}}],"inLanguage":"de"},{"@type":"Organization","@id":"https:\/\/fondalpress.it\/#organization","name":"Fondalpress","url":"https:\/\/fondalpress.it\/","logo":{"@type":"ImageObject","inLanguage":"de","@id":"https:\/\/fondalpress.it\/#\/schema\/logo\/image\/","url":"https:\/\/fondalpress.it\/wp-content\/uploads\/2023\/12\/logo-dark.png","contentUrl":"https:\/\/fondalpress.it\/wp-content\/uploads\/2023\/12\/logo-dark.png","width":374,"height":41,"caption":"Fondalpress"},"image":{"@id":"https:\/\/fondalpress.it\/#\/schema\/logo\/image\/"}}]}},"_links":{"self":[{"href":"https:\/\/fondalpress.it\/de\/wp-json\/wp\/v2\/pages\/27","targetHints":{"allow":["GET"]}}],"collection":[{"href":"https:\/\/fondalpress.it\/de\/wp-json\/wp\/v2\/pages"}],"about":[{"href":"https:\/\/fondalpress.it\/de\/wp-json\/wp\/v2\/types\/page"}],"author":[{"embeddable":true,"href":"https:\/\/fondalpress.it\/de\/wp-json\/wp\/v2\/users\/1"}],"replies":[{"embeddable":true,"href":"https:\/\/fondalpress.it\/de\/wp-json\/wp\/v2\/comments?post=27"}],"version-history":[{"count":73,"href":"https:\/\/fondalpress.it\/de\/wp-json\/wp\/v2\/pages\/27\/revisions"}],"predecessor-version":[{"id":1508,"href":"https:\/\/fondalpress.it\/de\/wp-json\/wp\/v2\/pages\/27\/revisions\/1508"}],"wp:attachment":[{"href":"https:\/\/fondalpress.it\/de\/wp-json\/wp\/v2\/media?parent=27"}],"curies":[{"name":"wp","href":"https:\/\/api.w.org\/{rel}","templated":true}]}}