{"id":21,"date":"2023-12-26T12:18:18","date_gmt":"2023-12-26T12:18:18","guid":{"rendered":"https:\/\/localhost\/fondalpress\/?page_id=21"},"modified":"2026-02-27T15:52:38","modified_gmt":"2026-02-27T15:52:38","slug":"attivita","status":"publish","type":"page","link":"https:\/\/fondalpress.it\/de\/fondalpress\/attivita\/","title":{"rendered":"Attivit\u00e0"},"content":{"rendered":"<div class=\"wpb-content-wrapper\"><div class=\"vc_row wpb_row vc_row-fluid\"><div class=\"wpb_column vc_column_container vc_col-sm-12\"><div class=\"vc_column-inner\"><div class=\"wpb_wrapper\"> \r\n\r\n        <!-- FacChiamo top section start from here  -->  \r\n\r\n        <section class=\"chi-benvenut-main\" id=\"pressofusione\">\r\n            <div class=\"container\">\r\n                <div class=\"row\">\r\n                    <div class=\"col-xs-12 col-sm-12 col-md-3 col-lg-3 prototipia_block_content\">\r\n                        <div class=\"title-box\">\r\n                            <h1 class=\"wow fadeInLeft\" data-wow-duration=\"1.3s\" data-wow-delay=\".4s\">DRUCKGUSS<\/h1>\r\n                            <h5 class=\"wow fadeInLeft\" data-wow-duration=\"1.4\" data-wow-delay=\".5\">SEDE DI CASTELL\u2019ALFERO<\/h5>\r\n                        <\/div>\r\n                    <\/div>\r\n                    <div class=\"col-xs-12 col-sm-12 col-md-2 col-lg-2\"><\/div>\r\n                    <div class=\"col-xs-12 col-sm-12 col-md-6 col-lg-6 prototipia_block_content\">\r\n                        <div class=\"description wow fadeInRight translation-block\" data-wow-duration=\"1.4s\" data-wow-delay=\".5s\">Die Gie\u00dferei erstreckt sich \u00fcber mehr als 14.000 m2 und verf\u00fcgt \u00fcber 4 Schmelz\u00f6fen und 16 vollautomatische Druckgussinseln, die mit IoT-Industrie 4.0-Systemen verbunden sind.  Sie ist mit den Abteilungen f\u00fcr Anlagen- und Werkzeugenwartung integriert. <br>\nJe nach den Eigenschaften der Produkte werden verschiedene Arten von Aluminiumlegierungen verwendet. \nDie Gie\u00dferei kann bis zu 3 Legierungstypen gleichzeitig verarbeiten und hat eine Jahreskapazit\u00e4t von ca. 19.000 Tonnen verkaufter Teile. <br>\nDas Sandstrahlen von Standard- oder rostfreiem Stahl sowie das Trommelpolieren und die Oberfl\u00e4chenbehandlung werden spezialisierten Zulieferern anvertraut.<\/div>\r\n                    <\/div>\r\n                    <div class=\"col-xs-12 col-sm-12 col-md-1 col-lg-1\"><\/div>\r\n                <\/div>\r\n\r\n            <\/div>\r\n        <\/section>\r\n\r\n\r\n\r\n   \r\n        <!-- FacChiamo top about section ends here  -->\r\n\r\n\r\n\r\n \r\n\r\n        <!-- FacChiamo fusori section start from here  -->  \r\n\r\n        <section class=\"facci-fusori-main\">\r\n            <div class=\"container-fluid\">\r\n                <div class=\"row custom-row\">\r\n                    <div class=\"col-xs-12 col-sm-12 col-md-7 col-md-7\">\r\n                        <div class=\"row custom-row-second\">\r\n                            <div class=\"col-xs-12 col-sm-12 col-md-12 col-lg-12 ps-0\">\r\n                              \r\n                                                                <div class=\"left-image-box chiamo-mecanicca-video wow fadeInLeft\" data-wow-duration=\"1.2s\" data-wow-delay=\".3s\">\r\n                                   <div class=\"single-image-box single-vedio-box wow fadeInLeft\" data-wow-duration=\"1.3s\" data-wow-delay=\".4s\" >\r\n                                        <video autoplay muted loop class=\"chiamo-gallary-video\" \r\n                                        poster=\"https:\/\/fondalpress.it\/wp-content\/uploads\/2024\/06\/placeholder.webp\" \r\n                                        data-src=\"https:\/\/fondalpress.it\/wp-content\/uploads\/2024\/06\/fondalpress_fonderia_pressofusione_mod_new_c.mp4\">\r\n                                             <source data-src=\"https:\/\/fondalpress.it\/wp-content\/uploads\/2024\/06\/fondalpress_fonderia_pressofusione_mod_new_c.mp4\" type=\"video\/mp4\">\r\n                                        <\/video>\r\n                                    <\/div>\r\n                                <\/div>\r\n                                                                \r\n                            <\/div>\r\n                            <div class=\"col-xs-12 col-sm-12 col-md-7 col-lg-7 ps-0\">\r\n                                <div class=\"single-image-box wow fadeInLeft\" data-wow-duration=\"1.4s\" data-wow-delay=\".5s\" >\r\n                                    <img decoding=\"async\" data-src=\"https:\/\/fondalpress.it\/wp-content\/uploads\/2024\/06\/b1.webp\" src=\"https:\/\/fondalpress.it\/wp-content\/uploads\/2024\/06\/placeholder.webp\" alt=\"\" loading=\"lazy\">\r\n                                <\/div>\r\n                                <div class=\"single-image-box wow fadeInLeft\" data-wow-duration=\"1.5s\" data-wow-delay=\".6s\" >\r\n                                    <img decoding=\"async\" width=\"100%\" data-src=\"https:\/\/fondalpress.it\/wp-content\/uploads\/2024\/06\/l.webp\" src=\"https:\/\/fondalpress.it\/wp-content\/uploads\/2024\/06\/placeholder.webp\" alt=\"\" loading=\"lazy\">\r\n                                <\/div>\r\n                            <\/div>\r\n                            <div class=\"col-xs-12 col-sm-12 col-md-5 col-lg-5\">\r\n                                <div class=\"single-image-box last_img wow fadeInLeft\" data-wow-duration=\"1.6s\" data-wow-delay=\".7s\" >\r\n                                    <img decoding=\"async\" data-src=\"https:\/\/fondalpress.it\/wp-content\/uploads\/2024\/06\/b2.webp\" src=\"https:\/\/fondalpress.it\/wp-content\/uploads\/2024\/06\/placeholder.webp\" alt=\"\" loading=\"lazy\">\r\n                                <\/div>\r\n                            <\/div>\r\n                        <\/div>\r\n                    <\/div>\r\n                    <div class=\"col-xs-12 col-sm-12 col-md-5 col-md-5 pe-0\">\r\n                        <div class=\"fusori-content-bg\">\r\n                            <div class=\"content-box\">\r\n                                <h2 class=\"wow fadeInRight\" data-wow-duration=\"1.5s\" data-wow-delay=\".6s\" >  SCHMELZ\u00d6FEN <\/h2>\r\n                                  <div class=\"wow fadeInRight\" data-wow-duration=\"1.6s\" data-wow-delay=\".7s\">\r\n                                    <p>La fonderia dispone di 4 forni fusori verticali con capacit\u00e0 di fusione di 2.500 Kg\/h ognuno, bacino da 5.000 Kg., alimentati a gas e sistema di degasaggio delle leghe. \n<\/p>                                   <\/div>\r\n                            <\/div>\r\n                            <div class=\"content-box\">\r\n                                <h2 class=\"wow fadeInRight translation-block\" data-wow-duration=\"1.7s\" data-wow-delay=\".8s\">DRUCKGUSSINSELN<\/h2>\r\n                              \r\n                              <div class=\"wow fadeInRight\" data-wow-duration=\"1.8s\" data-wow-delay=\".9s\">\r\n                                    <p> Le 16 isole di pressofusione con pressocolatrici da 600 t a 2800 t completamente automatizzate, producono getti che pesano fino a 30 kg. Le termoregolazioni degli stampi e il sistema per stampaggio in sottovuoto fanno parte del processo. L\u2019intero parco macchine \u00e8 collegato con sistema IoT- Industria 4.0 per maggiore efficienza e controllo. \n <\/p>                               <\/div>\r\n                            <\/div>\r\n                        <\/div>\r\n                    <\/div>\r\n                <\/div>\r\n            <\/div>\r\n        <\/section>\r\n   \r\n        <!-- FacChiamo fusori about section ends here  -->\r\n\r\n\r\n\r\n \r\n\r\n        <!-- FacChiamo top section start from here  -->  \r\n\r\n     \r\n        <section class=\"chi-benvenut-main facciamo-benvenut\" id=\"lavorazione_meccanica\">\r\n            <div class=\"container\">\r\n                <div class=\"row\">\r\n                    <div class=\"col-xs-12 col-sm-12 col-md-5 col-lg-5 prototipia_block_content\">\r\n                        <div class=\"title-box\">\r\n                            <h1 class=\"wow fadeInLeft\" data-wow-duration=\"1.3s\" data-wow-delay=\".4s\">MECHANISCHE BEARBEITUNGSZENTREN<\/h1>\r\n                            <h5 class=\"wow fadeInLeft\" data-wow-duration=\"1.4s\" data-wow-delay=\".5s\"> WERK ALESSANDRO DOGLIONE  <\/h5>\r\n                        <\/div>\r\n                    <\/div>\r\n\r\n                    <div class=\"col-xs-12 col-sm-12 col-md-7 col-lg-6 prototipia_block_content\">\r\n                        <div class=\"description wow fadeInRight\" data-wow-duration=\"1.5s\" data-wow-delay=\".6s\">\r\n                           <p class=\"translation-block\">Das Werk Alessandro Doglione, ist 2015 produktiv. <br>\nEs beherbergt derzeit die Abteilung f\u00fcr mechanische Bearbeitung und Montage, das Lager f\u00fcr fertige und auslieferungsfertige Produkte sowie die dazugeh\u00f6rigen Dienstleistungen. <br>\nIn der mechanischen Bearbeitungsabteilung werden alle Schritte des Produktionsprozesses f\u00fcr CNC-Bearbeitung, Pr\u00fcfung, Reinigung, Endkontrolle und Verpackung durchgef\u00fchrt.  Hier befindet sich ein speziell ausgestatteter Qualit\u00e4tsbereich.<br>\nDurch die Zusammenarbeit mit Partnern, die auf mechanische Bearbeitungen spezialisiert sind, kann jeder Wunsch erf\u00fcllt werden.<\/p>\n \r\n                        <\/div>\r\n                    <\/div>\r\n                    <div class=\"col-xs-12 col-sm-12 col-md-1 col-lg-1 d-none d-lg-block\"><\/div>\r\n                <\/div>\r\n\r\n            <\/div>\r\n        <\/section>\r\n\r\n\r\n\r\n   \r\n        <!-- FacChiamo top about section ends here  -->\r\n\r\n\r\n\r\n\r\n<!-- FacChiamo meccanica section start from here  -->\r\n\r\n<section class=\"facci-meccanica-main\">\r\n    <div class=\"container-fluid\">\r\n        <div class=\"row first-row\">\r\n            <div class=\"col-xs-12 col-sm-12 col-md-12 col-lg-12 ps-0\">\r\n                <div class=\"row row-two\">\r\n                    <div class=\"col-xs-12 col-sm-12 col-md-5 col-lg-5\">\r\n                        <div class=\"left-image-box wow fadeInLeft\" data-wow-duration=\"1.1s\" data-wow-delay=\".2s\">\r\n                            <img decoding=\"async\" data-src=\"https:\/\/fondalpress.it\/wp-content\/uploads\/2024\/06\/l1.webp\" src=\"https:\/\/fondalpress.it\/wp-content\/uploads\/2024\/06\/placeholder.webp\" alt=\"\" loading=\"lazy\">\r\n                        <\/div>\r\n                    <\/div>\r\n                    <div class=\"col-xs-12 col-sm-12 col-md-7 col-lg-7\">\r\n\r\n                                                <div class=\"left-image-box chiamo-mecanicca-video wow fadeInLeft\" data-wow-duration=\"1.2s\"\r\n                            data-wow-delay=\".3s\">\r\n                            <video autoplay muted loop poster=\"https:\/\/fondalpress.it\/wp-content\/uploads\/2024\/06\/placeholder.webp\" data-src=\"https:\/\/fondalpress.it\/wp-content\/uploads\/2024\/06\/lavorazione_meccanica_c.mp4\">\r\n                                <source data-src=\"https:\/\/fondalpress.it\/wp-content\/uploads\/2024\/06\/lavorazione_meccanica_c.mp4\" type=\"video\/mp4\">\r\n                            <\/video>\r\n                        <\/div>\r\n                        \r\n                    <\/div>\r\n                    <div class=\"col-xs-12 col-sm-12 col-md-12 col-lg-12\">\r\n                        <div class=\"left-content-box wow fadeInLeft\" data-wow-duration=\"1.3s\" data-wow-delay=\".4s\">\r\n                           <div class=\"container\">\r\n                            <div class=\"row\">\r\n                                <div class=\"col-12\">\r\n                                    <h3 class=\"translation-block\">MECHANISCHE BEARBEITUNGSZENTREN<\/h3>\r\n                                    <p class=\"translation-block\">Fondalpress ist mit CNC-Bearbeitungszentren verschiedener Typen ausgestattet: vertikale und horizontale Doppelspindler, Einzelspindler, alle mit doppeltem Drehtisch, Waschmaschinen, Montage- und Pr\u00fcfstationen, Dichtheitspr\u00fcfungen. \nWo es die Projekte erfordern, werden spezifische vollautomatische Bearbeitungs-, Montage-, Kontroll- und R\u00fcckverfolgungslinien realisiert.<\/p> \n\n                                <\/div>\r\n                            <\/div>\r\n                           <\/div>\r\n                        <\/div>\r\n                    <\/div>\r\n                    <!--<div class=\"col-xs-12 col-sm-12 col-md-5 col-lg-5\">-->\r\n                    <!--    <div class=\"left-image-box mb-0 wow fadeInLeft\" data-wow-duration=\"1.4s\" data-wow-delay=\".5s\">-->\r\n                    <!--        <img decoding=\"async\" src=\"\" alt=\"\">-->\r\n                    <!--    <\/div>-->\r\n                    <!--<\/div>-->\r\n\r\n                <\/div>\r\n            <\/div>\r\n            <!--<div class=\"col-xs-12 col-sm-12 col-md-3 col-lg-3 pe-0\">-->\r\n            <!--    <div class=\"right-image-box wow fadeInLeft\" data-wow-duration=\"1.5s\" data-wow-delay=\".6s\">-->\r\n            <!--        <img decoding=\"async\" src=\"\" alt=\"\">-->\r\n            <!--    <\/div>-->\r\n            <!--<\/div>-->\r\n        <\/div>\r\n    <\/div>\r\n    \r\n<\/section>\r\n\r\n<!-- FacChiamo meccanica  section ends here  -->\r\n\r\n\r\n\r\n<\/div><\/div><\/div><\/div>\n<\/div>","protected":false},"excerpt":{"rendered":"<p> [&#8230;]<\/p>\n<p><a class=\"btn btn-secondary metaswiss-read-more-link\" href=\"https:\/\/fondalpress.it\/de\/fondalpress\/attivita\/\">Weiterlesen&#8230;<\/a><\/p>\n","protected":false},"author":1,"featured_media":0,"parent":44,"menu_order":0,"comment_status":"closed","ping_status":"closed","template":"","meta":{"_acf_changed":false,"footnotes":""},"class_list":["post-21","page","type-page","status-publish","hentry"],"acf":[],"yoast_head":"<!-- This site is optimized with the Yoast SEO plugin v27.4 - https:\/\/yoast.com\/product\/yoast-seo-wordpress\/ -->\n<title>Attivit\u00e0 | Fondalpress Spa<\/title>\n<meta name=\"robots\" content=\"index, follow, max-snippet:-1, max-image-preview:large, max-video-preview:-1\" \/>\n<link rel=\"canonical\" href=\"https:\/\/fondalpress.it\/de\/fondalpress\/attivita\/\" \/>\n<meta property=\"og:locale\" content=\"de_DE\" \/>\n<meta property=\"og:type\" content=\"article\" \/>\n<meta property=\"og:title\" content=\"Attivit\u00e0 | Fondalpress Spa\" \/>\n<meta property=\"og:description\" content=\"[...]Weiterlesen...\" \/>\n<meta property=\"og:url\" content=\"https:\/\/fondalpress.it\/de\/fondalpress\/attivita\/\" \/>\n<meta property=\"og:site_name\" content=\"Fondalpress Spa\" \/>\n<meta property=\"article:modified_time\" content=\"2026-02-27T15:52:38+00:00\" \/>\n<meta name=\"twitter:card\" content=\"summary_large_image\" \/>\n<meta name=\"twitter:label1\" content=\"Gesch\u00e4tzte Lesezeit\" \/>\n\t<meta name=\"twitter:data1\" content=\"1\u00a0Minute\" \/>\n<script type=\"application\/ld+json\" class=\"yoast-schema-graph\">{\"@context\":\"https:\\\/\\\/schema.org\",\"@graph\":[{\"@type\":\"WebPage\",\"@id\":\"https:\\\/\\\/fondalpress.it\\\/fondalpress\\\/attivita\\\/\",\"url\":\"https:\\\/\\\/fondalpress.it\\\/fondalpress\\\/attivita\\\/\",\"name\":\"Attivit\u00e0 | Fondalpress Spa\",\"isPartOf\":{\"@id\":\"https:\\\/\\\/fondalpress.it\\\/#website\"},\"datePublished\":\"2023-12-26T12:18:18+00:00\",\"dateModified\":\"2026-02-27T15:52:38+00:00\",\"breadcrumb\":{\"@id\":\"https:\\\/\\\/fondalpress.it\\\/fondalpress\\\/attivita\\\/#breadcrumb\"},\"inLanguage\":\"de\",\"potentialAction\":[{\"@type\":\"ReadAction\",\"target\":[\"https:\\\/\\\/fondalpress.it\\\/fondalpress\\\/attivita\\\/\"]}]},{\"@type\":\"BreadcrumbList\",\"@id\":\"https:\\\/\\\/fondalpress.it\\\/fondalpress\\\/attivita\\\/#breadcrumb\",\"itemListElement\":[{\"@type\":\"ListItem\",\"position\":1,\"name\":\"Fondalpress\",\"item\":\"https:\\\/\\\/fondalpress.it\\\/fondalpress\\\/\"},{\"@type\":\"ListItem\",\"position\":2,\"name\":\"Attivit\u00e0\"}]},{\"@type\":\"WebSite\",\"@id\":\"https:\\\/\\\/fondalpress.it\\\/#website\",\"url\":\"https:\\\/\\\/fondalpress.it\\\/\",\"name\":\"Fondalpress\",\"description\":\"High Pressure Die-casting of Aluminium Alloys\",\"publisher\":{\"@id\":\"https:\\\/\\\/fondalpress.it\\\/#organization\"},\"potentialAction\":[{\"@type\":\"SearchAction\",\"target\":{\"@type\":\"EntryPoint\",\"urlTemplate\":\"https:\\\/\\\/fondalpress.it\\\/?s={search_term_string}\"},\"query-input\":{\"@type\":\"PropertyValueSpecification\",\"valueRequired\":true,\"valueName\":\"search_term_string\"}}],\"inLanguage\":\"de\"},{\"@type\":\"Organization\",\"@id\":\"https:\\\/\\\/fondalpress.it\\\/#organization\",\"name\":\"Fondalpress\",\"url\":\"https:\\\/\\\/fondalpress.it\\\/\",\"logo\":{\"@type\":\"ImageObject\",\"inLanguage\":\"de\",\"@id\":\"https:\\\/\\\/fondalpress.it\\\/#\\\/schema\\\/logo\\\/image\\\/\",\"url\":\"https:\\\/\\\/fondalpress.it\\\/wp-content\\\/uploads\\\/2023\\\/12\\\/logo-dark.png\",\"contentUrl\":\"https:\\\/\\\/fondalpress.it\\\/wp-content\\\/uploads\\\/2023\\\/12\\\/logo-dark.png\",\"width\":374,\"height\":41,\"caption\":\"Fondalpress\"},\"image\":{\"@id\":\"https:\\\/\\\/fondalpress.it\\\/#\\\/schema\\\/logo\\\/image\\\/\"}}]}<\/script>\n<!-- \/ Yoast SEO plugin. -->","yoast_head_json":{"title":"Attivit\u00e0 | Fondalpress Spa","robots":{"index":"index","follow":"follow","max-snippet":"max-snippet:-1","max-image-preview":"max-image-preview:large","max-video-preview":"max-video-preview:-1"},"canonical":"https:\/\/fondalpress.it\/de\/fondalpress\/attivita\/","og_locale":"de_DE","og_type":"article","og_title":"Attivit\u00e0 | Fondalpress Spa","og_description":"[...]Weiterlesen...","og_url":"https:\/\/fondalpress.it\/de\/fondalpress\/attivita\/","og_site_name":"Fondalpress Spa","article_modified_time":"2026-02-27T15:52:38+00:00","twitter_card":"summary_large_image","twitter_misc":{"Gesch\u00e4tzte Lesezeit":"1\u00a0Minute"},"schema":{"@context":"https:\/\/schema.org","@graph":[{"@type":"WebPage","@id":"https:\/\/fondalpress.it\/fondalpress\/attivita\/","url":"https:\/\/fondalpress.it\/fondalpress\/attivita\/","name":"Attivit\u00e0 | Fondalpress Spa","isPartOf":{"@id":"https:\/\/fondalpress.it\/#website"},"datePublished":"2023-12-26T12:18:18+00:00","dateModified":"2026-02-27T15:52:38+00:00","breadcrumb":{"@id":"https:\/\/fondalpress.it\/fondalpress\/attivita\/#breadcrumb"},"inLanguage":"de","potentialAction":[{"@type":"ReadAction","target":["https:\/\/fondalpress.it\/fondalpress\/attivita\/"]}]},{"@type":"BreadcrumbList","@id":"https:\/\/fondalpress.it\/fondalpress\/attivita\/#breadcrumb","itemListElement":[{"@type":"ListItem","position":1,"name":"Fondalpress","item":"https:\/\/fondalpress.it\/fondalpress\/"},{"@type":"ListItem","position":2,"name":"Attivit\u00e0"}]},{"@type":"WebSite","@id":"https:\/\/fondalpress.it\/#website","url":"https:\/\/fondalpress.it\/","name":"Fondalpress","description":"High Pressure Die-casting of Aluminium Alloys","publisher":{"@id":"https:\/\/fondalpress.it\/#organization"},"potentialAction":[{"@type":"SearchAction","target":{"@type":"EntryPoint","urlTemplate":"https:\/\/fondalpress.it\/?s={search_term_string}"},"query-input":{"@type":"PropertyValueSpecification","valueRequired":true,"valueName":"search_term_string"}}],"inLanguage":"de"},{"@type":"Organization","@id":"https:\/\/fondalpress.it\/#organization","name":"Fondalpress","url":"https:\/\/fondalpress.it\/","logo":{"@type":"ImageObject","inLanguage":"de","@id":"https:\/\/fondalpress.it\/#\/schema\/logo\/image\/","url":"https:\/\/fondalpress.it\/wp-content\/uploads\/2023\/12\/logo-dark.png","contentUrl":"https:\/\/fondalpress.it\/wp-content\/uploads\/2023\/12\/logo-dark.png","width":374,"height":41,"caption":"Fondalpress"},"image":{"@id":"https:\/\/fondalpress.it\/#\/schema\/logo\/image\/"}}]}},"_links":{"self":[{"href":"https:\/\/fondalpress.it\/de\/wp-json\/wp\/v2\/pages\/21","targetHints":{"allow":["GET"]}}],"collection":[{"href":"https:\/\/fondalpress.it\/de\/wp-json\/wp\/v2\/pages"}],"about":[{"href":"https:\/\/fondalpress.it\/de\/wp-json\/wp\/v2\/types\/page"}],"author":[{"embeddable":true,"href":"https:\/\/fondalpress.it\/de\/wp-json\/wp\/v2\/users\/1"}],"replies":[{"embeddable":true,"href":"https:\/\/fondalpress.it\/de\/wp-json\/wp\/v2\/comments?post=21"}],"version-history":[{"count":73,"href":"https:\/\/fondalpress.it\/de\/wp-json\/wp\/v2\/pages\/21\/revisions"}],"predecessor-version":[{"id":1589,"href":"https:\/\/fondalpress.it\/de\/wp-json\/wp\/v2\/pages\/21\/revisions\/1589"}],"up":[{"embeddable":true,"href":"https:\/\/fondalpress.it\/de\/wp-json\/wp\/v2\/pages\/44"}],"wp:attachment":[{"href":"https:\/\/fondalpress.it\/de\/wp-json\/wp\/v2\/media?parent=21"}],"curies":[{"name":"wp","href":"https:\/\/api.w.org\/{rel}","templated":true}]}}